{"id":84,"date":"2022-06-04T15:19:19","date_gmt":"2022-06-04T15:19:19","guid":{"rendered":"https:\/\/www.aldl.org\/?page_id=84"},"modified":"2022-10-20T19:45:14","modified_gmt":"2022-10-20T19:45:14","slug":"membership","status":"publish","type":"page","link":"https:\/\/aldl.org\/fr\/membership\/","title":{"rendered":"Membres"},"content":{"rendered":"<p>Toute personne ou organisation qui poss\u00e8de une propri\u00e9t\u00e9 qui borde directement le lac ou une propri\u00e9t\u00e9 s\u00e9par\u00e9e du lac par une chauss\u00e9e peut \u00eatre membre.<\/p>\n\n\n\n<p class=\"translation-block\">Si vous \u00eates un nouveau propri\u00e9taire et vous d\u00e9sirez devenir membre ou si vous souhaitez renouveler votre adh\u00e9sion \u00e0 l\u2019Association, veuillez remplir notre  <a rel=\"noreferrer noopener\" href=\"http:\/\/www.aldl.org\/wp-content\/uploads\/aldlMembershipForm2022n.pdf\" target=\"_blank\">formulaire<\/a>.  Vous pouvez aussi consulter le  <a rel=\"noreferrer noopener\" href=\"http:\/\/www.aldl.org\/wp-content\/uploads\/ALDLwelcome2022.pdf\" target=\"_blank\">d\u00e9pliant de l'Association.<\/a><\/p>\n\n\n\n<p>Veuillez noter que depuis 2019, la cotisation annuelle a augment\u00e9 \u00e0 $25. Ces frais servent \u00e0 payer les analyses d'eau estivales, les analyses d'eau du minist\u00e8re (composition chimique du lac), notre bo\u00eete postale et les frais connexes. Les membres du conseil ne sont pas r\u00e9mun\u00e9r\u00e9s.<\/p>","protected":false},"excerpt":{"rendered":"<p>Any person or organization that owns a property that directly borders the lake or a property separated from the lake by a roadway may be a member. If you are a new lake property owner and you would like to become a member or if you wish to renew your membership with our&nbsp;Association, please complete [&hellip;]<\/p>\n","protected":false},"author":1,"featured_media":0,"parent":0,"menu_order":0,"comment_status":"closed","ping_status":"closed","template":"","meta":{"footnotes":""},"class_list":["post-84","page","type-page","status-publish","hentry"],"_links":{"self":[{"href":"https:\/\/aldl.org\/fr\/wp-json\/wp\/v2\/pages\/84","targetHints":{"allow":["GET"]}}],"collection":[{"href":"https:\/\/aldl.org\/fr\/wp-json\/wp\/v2\/pages"}],"about":[{"href":"https:\/\/aldl.org\/fr\/wp-json\/wp\/v2\/types\/page"}],"author":[{"embeddable":true,"href":"https:\/\/aldl.org\/fr\/wp-json\/wp\/v2\/users\/1"}],"replies":[{"embeddable":true,"href":"https:\/\/aldl.org\/fr\/wp-json\/wp\/v2\/comments?post=84"}],"version-history":[{"count":8,"href":"https:\/\/aldl.org\/fr\/wp-json\/wp\/v2\/pages\/84\/revisions"}],"predecessor-version":[{"id":542,"href":"https:\/\/aldl.org\/fr\/wp-json\/wp\/v2\/pages\/84\/revisions\/542"}],"wp:attachment":[{"href":"https:\/\/aldl.org\/fr\/wp-json\/wp\/v2\/media?parent=84"}],"curies":[{"name":"wp","href":"https:\/\/api.w.org\/{rel}","templated":true}]}}