{"id":82,"date":"2022-06-04T15:17:35","date_gmt":"2022-06-04T15:17:35","guid":{"rendered":"https:\/\/www.aldl.org\/?page_id=82"},"modified":"2022-10-20T01:27:36","modified_gmt":"2022-10-20T01:27:36","slug":"revegetation","status":"publish","type":"page","link":"https:\/\/aldl.org\/fr\/revegetation\/","title":{"rendered":"Rev\u00e9g\u00e9talisation"},"content":{"rendered":"<p><strong>Rev\u00e9g\u00e9talisation des berges<\/strong><\/p>\n\n\n\n<p>En 2010, nous avons demand\u00e9 \u00e0 la Soci\u00e9t\u00e9 sylvicole de la Haute Gatineau de nous aider \u00e0 stabiliser et rev\u00e9g\u00e9taliser une portion de la rive du chemin Gauvin. La zone vis\u00e9e comprend la rive devant les propri\u00e9t\u00e9s situ\u00e9es du 58 au 90, chemin Gauvin. Cette portion \u00e9tait sujette \u00e0 l'\u00e9rosion et manquait de v\u00e9g\u00e9tation naturelle. Comme cette partie de la rive est tr\u00e8s \u00e9troite \u00e0 certains endroits, il \u00e9tait important de reboiser la rive avec des arbustes pour r\u00e9duire l'\u00e9rosion. Un plan de rev\u00e9g\u00e9talisation \u00e9labor\u00e9 a \u00e9t\u00e9 \u00e9labor\u00e9 \u00e0 la suite de la visite sur place, de l'\u00e9valuation des probl\u00e8mes et de la description des actions correctives. \nGr\u00e2ce au financement de la Municipalit\u00e9 de La P\u00eache, nous avons pu aller de l'avant avec le projet de rev\u00e9g\u00e9talisation des berges en septembre 2010 sous la supervision de la Soci\u00e9t\u00e9 Sylvicole de la Haute Gatineau.<\/p>\n\n\n\n<p>Plusieurs b\u00e9n\u00e9voles ont contribu\u00e9 \u00e0 la r\u00e9ussite de ce projet. Vous pouvez voir quelques photos prises au cours de cette journ\u00e9e.<\/p>\n\n\n\n<p><a href=\"https:\/\/aldl.org\/wp-content\/uploads\/Berges_Groupe_A.jpg\" target=\"_blank\" rel=\"noreferrer noopener\">Image 1<\/a>&nbsp; &nbsp;&nbsp; &nbsp;&nbsp;&nbsp;&nbsp;<a href=\"https:\/\/aldl.org\/wp-content\/uploads\/Berges_Groupe_Scouts.jpg\" target=\"_blank\" rel=\"noreferrer noopener\">Image 2<\/a><\/p>\n\n\n\n<p><strong>Projets d'avenir<\/strong><\/p>\n\n\n\n<p>Si l'int\u00e9r\u00eat est suffisant, nous pourrions travailler avec la Soci\u00e9t\u00e9 sylvicole de la Haute Gatineau et la Municipalit\u00e9 de La P\u00eache sur un projet de rev\u00e9g\u00e9talisation d'autres propri\u00e9t\u00e9s riveraines.<\/p>\n\n\n\n<p class=\"translation-block\">\u00c0 l\u2019AGA de 2022, la conseill\u00e8re municipale a identifi\u00e9 un couple de nouveaux programmes qui pourrait nous est disponibles.  Si vous \u00eates int\u00e9ress\u00e9 \u00e0 rev\u00e9g\u00e9taliser votre rivage, veuillez-nous en aviser par courriel \u00e0 <a href=\"mailto:info@aldl.org\" target=\"_blank\" rel=\"noreferrer noopener\">info@aldl.org<\/a>.\u00a0  Nous contacterons alors la municipalit\u00e9 de La P\u00eache afin de demander du financement pour un tel projet.<\/p>\n\n\n\n<p><strong>Documentation du projet de rev\u00e9g\u00e9talisation des berges<\/strong><\/p>\n\n\n\n<p class=\"translation-block\"><a rel=\"noreferrer noopener\" href=\"http:\/\/aldl.org\/fr\/otherDocuments\/planAmenagementLacdesLoups.pdf\/\" target=\"_blank\">Plan de rev\u00e9g\u00e9talisation<\/a>\u00a0<br><a href=\"http:\/\/aldl.org\/fr\/otherDocuments\/catalogue2012-fra.pdf\/\" target=\"_blank\" rel=\"noreferrer noopener\">Liste des plantes<\/a>\u00a0(Les noms de plantes sont en anglais)<\/p>","protected":false},"excerpt":{"rendered":"<p>Shoreline Revegetation In 2010, we have asked the &#8220;Soci\u00e9t\u00e9 Sylvicole de la Haute Gatineau&#8221; to help us in stabilizing and revegetating a portion of the Chemin Gauvin shoreline.&nbsp; The targeted area includes the shoreline in front of the properties situated from 58 to 90 chemin Gauvin.&nbsp; This portion was subject to erosion and was lacking [&hellip;]<\/p>\n","protected":false},"author":1,"featured_media":0,"parent":0,"menu_order":0,"comment_status":"closed","ping_status":"closed","template":"","meta":{"footnotes":""},"class_list":["post-82","page","type-page","status-publish","hentry"],"_links":{"self":[{"href":"https:\/\/aldl.org\/fr\/wp-json\/wp\/v2\/pages\/82","targetHints":{"allow":["GET"]}}],"collection":[{"href":"https:\/\/aldl.org\/fr\/wp-json\/wp\/v2\/pages"}],"about":[{"href":"https:\/\/aldl.org\/fr\/wp-json\/wp\/v2\/types\/page"}],"author":[{"embeddable":true,"href":"https:\/\/aldl.org\/fr\/wp-json\/wp\/v2\/users\/1"}],"replies":[{"embeddable":true,"href":"https:\/\/aldl.org\/fr\/wp-json\/wp\/v2\/comments?post=82"}],"version-history":[{"count":12,"href":"https:\/\/aldl.org\/fr\/wp-json\/wp\/v2\/pages\/82\/revisions"}],"predecessor-version":[{"id":540,"href":"https:\/\/aldl.org\/fr\/wp-json\/wp\/v2\/pages\/82\/revisions\/540"}],"wp:attachment":[{"href":"https:\/\/aldl.org\/fr\/wp-json\/wp\/v2\/media?parent=82"}],"curies":[{"name":"wp","href":"https:\/\/api.w.org\/{rel}","templated":true}]}}