{"id":80,"date":"2022-06-04T15:16:54","date_gmt":"2022-06-04T15:16:54","guid":{"rendered":"https:\/\/www.aldl.org\/?page_id=80"},"modified":"2022-11-17T15:45:12","modified_gmt":"2022-11-17T15:45:12","slug":"links","status":"publish","type":"page","link":"https:\/\/aldl.org\/fr\/links\/","title":{"rendered":"Liens"},"content":{"rendered":"<p><strong>Produits verts<\/strong><\/p>\n\n\n\n<p>Lors des assembl\u00e9es g\u00e9n\u00e9rales annuelles 2009 et 2010, certaines entreprises nous ont fourni des \u00e9chantillons de produits verts \u00e0 distribuer \u00e0 tous les membres pr\u00e9sents. En 2009, nous avons tir\u00e9 au sort 3 paniers-cadeaux contenant des produits Nature Clean. En 2010, nous avons tir\u00e9 au sort 2 paniers-cadeaux contenant des produits Bio Spectra Attitude, 12 paniers-cadeaux contenant des produits Simply Clean et 2 paniers-cadeaux contenant des produits ECO (RONA l\u2019Entrep\u00f4t Le Plateau \u00e0 Gatineau). Vous pouvez acc\u00e9der \u00e0 leurs sites web en cliquant sur les logos ci-dessous. Nous tenons \u00e0 remercier tous nos commanditaires.<\/p>\n\n\n\n<figure class=\"wp-block-table\">\n<table style=\"border-style:\" width=\"100%\" cellpadding=\"1\" align=\"center\"><tbody>\n<tr  width=\"33%\" height=\"33%\"><td width=\"33%\" height=\"33%\">\n<a href=\"http:\/\/www.bio-vert.com\/en\/\" target=\"_blank\" rel=\"noopener\">\n  <img decoding=\"async\" src=\"https:\/\/aldl.org\/wp-content\/uploads\/BVLogo.jpg\" alt=\"Bio-Vert\" width=\"100%\" height=\"100%\">\n<\/a> <\/td>\n<td width=\"33%\" align=\"center\"><a href=\"https:\/\/us.ecover.com\/\" target=\"_blank\" rel=\"noopener\">\n <img decoding=\"async\" src=\"https:\/\/aldl.org\/wp-content\/uploads\/ECOVERLogo.jpg\" alt=\"Bio-Vert\" width=\"90%\" height=\"90%\">\n<\/a><\/td>\n<td><a href=\"http:\/\/www.live-clean.com\/\" target=\"_blank\" rel=\"noopener\">\n  <img decoding=\"async\" src=\"https:\/\/aldl.org\/wp-content\/uploads\/LiveClean.jpg\" alt=\"Live Clean\" width=\"100%\" height=\"100%\">\n<\/a><\/td><\/tr>\n<tr height=\"70%\"><td><a href=\"https:\/\/natureclean.ca\/\" target=\"_blank\" rel=\"noopener\">\n  <img decoding=\"async\" src=\"https:\/\/aldl.org\/wp-content\/uploads\/NatureCleanLogo.jpg\" alt=\"Nature Clean\" width=\"100%\" height=\"100%\">\n<\/a><\/td>\n<td align=\"center\"><a href=\"http:\/\/www.totalfabrication.ca\/en\/\" target=\"_blank\" rel=\"noopener\">\n  <img decoding=\"async\" src=\"https:\/\/aldl.org\/wp-content\/uploads\/TotalLogo.jpg\" alt=\"Total Fabrication\" width=\"85%\" height=\"85%\">\n<\/a><\/td>\n<td><a href=\"http:\/\/www.simply-clean.ca\/\" target=\"_blank\" rel=\"noopener\">\n  <img decoding=\"async\" src=\"https:\/\/aldl.org\/wp-content\/uploads\/simplycleanlogo.jpg\" alt=\"Simply Clean\" width=\"100%\" height=\"100%\">\n<\/a><\/td><\/tr>\n<tr height=\"70%\"><td>&nbsp;<\/td>\n<td align=\"center\"><a href=\"http:\/\/www.rona.ca\/en\/eco-responsible\" target=\"_blank\" rel=\"noopener\">\n  <img decoding=\"async\" src=\"https:\/\/aldl.org\/wp-content\/uploads\/rona-logo.png\" alt=\"RONA\" width=\"70%\" height=\"70%\">\n<\/a><\/td>\n<td>&nbsp;<\/td><\/tr><\/tbody><\/table><\/figure>\n\n\n\n<p><strong>Municipalit\u00e9s \/ Gouvernements \/ MRC<\/strong><\/p>\n\n\n\n<p class=\"translation-block\"><a href=\"http:\/\/www.villelapeche.qc.ca\/index.php\/en\" target=\"_blank\" rel=\"noopener\">Municipality of La P\u00eache<\/a><br>&nbsp;&nbsp;&nbsp;\r\n<!-- \r\n<a href=\"http:\/\/www.villelapeche.qc.ca\/downloads\/Calendrier des ordures et mati\u00e8res r\u00e9siduelles_2016_Bilingue2.pdf\"\r\n-->\r\n<a href=\"http:\/\/www.villelapeche.qc.ca\/downloads\/Travauxpublics\/2021-12-17Calendrier-de-collectes-FINAL.pdf\" target=\"_blank\" rel=\"noopener\">Garbage, Recycling and HHW schedule for 2022<\/a><br><a href=\"http:\/\/www.municipalitepontiac.com\/en\/\" target=\"_blank\" rel=\"noopener\">Municipality of Pontiac<\/a><br><a href=\"http:\/\/mrcdescollinesdeloutaouais.qc.ca\/en\/\" target=\"_blank\" rel=\"noopener\">MRC des Collines<\/a><br><a href=\"http:\/\/www.mddelcc.gouv.qc.ca\/index_en.asp\" target=\"_blank\" rel=\"noopener\">Minist\u00e8re du D\u00e9veloppement durable, Environnement et Lutte contre les changements climatiques<\/a><br><a href=\"http:\/\/www.mddelcc.gouv.qc.ca\/eau\/flrivlac\/algues-en.htm\" target=\"_blank\" rel=\"noopener\">Services Qu\u00e9bec \u2013 Blue-green Algae<\/a><\/p>\n\n\n\n<p><strong>Autres groupes avec qui nous avons collabor\u00e9<\/strong><\/p>\n\n\n\n<p><a href=\"http:\/\/abv7.org\" target=\"_blank\" rel=\"noopener\">ABV des 7 (Agence de Bassin Versant des 7)<\/a><br><a href=\"http:\/\/www.sshg.qc.ca\/\" target=\"_blank\" rel=\"noopener\">Soci\u00e9t\u00e9 sylvicole de la Haute-Gatineau<\/a><br><a href=\"http:\/\/seedlingnursery.com\/\" target=\"_blank\" rel=\"noopener\">Ferguson Forest Centre<\/a><\/p>","protected":false},"excerpt":{"rendered":"<p>Green Products At the 2009 and 2010 Annual General Meeting, some companies provided us with green products samples to be distributed to all members who attended.&nbsp;In 2009, we raffled off 3 gift baskets containing Nature Clean products.&nbsp;In 2010, we raffled off 2 gift baskets containing Bio Spectra Attitude producst, 12 gift baskets containing Simply Clean [&hellip;]<\/p>\n","protected":false},"author":1,"featured_media":0,"parent":0,"menu_order":0,"comment_status":"closed","ping_status":"closed","template":"","meta":{"footnotes":""},"class_list":["post-80","page","type-page","status-publish","hentry"],"_links":{"self":[{"href":"https:\/\/aldl.org\/fr\/wp-json\/wp\/v2\/pages\/80","targetHints":{"allow":["GET"]}}],"collection":[{"href":"https:\/\/aldl.org\/fr\/wp-json\/wp\/v2\/pages"}],"about":[{"href":"https:\/\/aldl.org\/fr\/wp-json\/wp\/v2\/types\/page"}],"author":[{"embeddable":true,"href":"https:\/\/aldl.org\/fr\/wp-json\/wp\/v2\/users\/1"}],"replies":[{"embeddable":true,"href":"https:\/\/aldl.org\/fr\/wp-json\/wp\/v2\/comments?post=80"}],"version-history":[{"count":51,"href":"https:\/\/aldl.org\/fr\/wp-json\/wp\/v2\/pages\/80\/revisions"}],"predecessor-version":[{"id":547,"href":"https:\/\/aldl.org\/fr\/wp-json\/wp\/v2\/pages\/80\/revisions\/547"}],"wp:attachment":[{"href":"https:\/\/aldl.org\/fr\/wp-json\/wp\/v2\/media?parent=80"}],"curies":[{"name":"wp","href":"https:\/\/api.w.org\/{rel}","templated":true}]}}