{"id":78,"date":"2022-06-04T15:16:21","date_gmt":"2022-06-04T15:16:21","guid":{"rendered":"https:\/\/www.aldl.org\/?page_id=78"},"modified":"2025-09-26T20:18:18","modified_gmt":"2025-09-26T20:18:18","slug":"documents","status":"publish","type":"page","link":"https:\/\/aldl.org\/fr\/documents\/","title":{"rendered":"Rapports"},"content":{"rendered":"<p>Rapports \/ Comptes-rendus des Assembl\u00e9es g\u00e9n\u00e9rales annuelles (AGM)<\/p>\n\n\n\n<figure class=\"wp-block-table\"><table><tbody><tr><td class=\"has-text-align-center\" data-align=\"center\"><a href=\"https:\/\/aldl.org\/wp-content\/uploads\/AGMminutes2023-1.pdf\" data-type=\"attachment\" data-id=\"576\" target=\"_blank\" rel=\"noreferrer noopener\">2023<\/a><\/td><td class=\"has-text-align-center\" data-align=\"center\"><a href=\"https:\/\/aldl.org\/wp-content\/uploads\/AGMminutes2023.pdf\" data-type=\"attachment\" data-id=\"576\" target=\"_blank\" rel=\"noreferrer noopener\">2022-23<\/a><\/td><td class=\"has-text-align-center\" data-align=\"center\"><a href=\"https:\/\/aldl.org\/wp-content\/uploads\/AGMminutes2022.pdf\" data-type=\"URL\" data-id=\"https:\/\/aldl.org\/wp-content\/uploads\/AGMminutes2022.pdf\" target=\"_blank\" rel=\"noreferrer noopener\">2022<\/a><\/td><\/tr><tr><td class=\"has-text-align-center\" data-align=\"center\"><a href=\"https:\/\/aldl.org\/wp-content\/uploads\/AGMminutes2018.pdf\" data-type=\"URL\" data-id=\"https:\/\/aldl.org\/wp-content\/uploads\/AGMminutes2018.pdf\" target=\"_blank\" rel=\"noreferrer noopener\">2018<\/a><\/td><td class=\"has-text-align-center\" data-align=\"center\"><a href=\"https:\/\/aldl.org\/wp-content\/uploads\/AGMminutes2019.pdf\" data-type=\"URL\" data-id=\"https:\/\/aldl.org\/wp-content\/uploads\/AGMminutes2019.pdf\" target=\"_blank\" rel=\"noreferrer noopener\">2019<\/a><\/td><td class=\"has-text-align-center\" data-align=\"center\"><a href=\"https:\/\/aldl.org\/wp-content\/uploads\/AGMminutes2018.pdf\" data-type=\"URL\" data-id=\"https:\/\/aldl.org\/wp-content\/uploads\/AGMminutes2018.pdf\" target=\"_blank\" rel=\"noreferrer noopener\"><\/a><a href=\"https:\/\/aldl.org\/wp-content\/uploads\/AGMminutes2021.pdf\" data-type=\"URL\" data-id=\"https:\/\/aldl.org\/wp-content\/uploads\/AGMminutes2021.pdf\" target=\"_blank\" rel=\"noreferrer noopener\">2021<\/a><\/td><\/tr><\/tbody><\/table><\/figure>\n\n\n\n<p>Bulletins aux membres<\/p>\n\n\n\n<figure class=\"wp-block-table\"><table><tbody><tr><td class=\"has-text-align-center\" data-align=\"center\"><\/td><td class=\"has-text-align-center\" data-align=\"center\"><\/td><td class=\"has-text-align-center\" data-align=\"center\"><a href=\"https:\/\/aldl.org\/wp-content\/uploads\/news2025autumn.pdf\" data-type=\"attachment\" data-id=\"424\" target=\"_blank\" rel=\"noreferrer noopener\">2025 automne<\/a><\/td><\/tr><tr><td class=\"has-text-align-center\" data-align=\"center\"><a href=\"https:\/\/aldl.org\/wp-content\/uploads\/news2025spring.pdf\" data-type=\"attachment\" data-id=\"424\" target=\"_blank\" rel=\"noreferrer noopener\">2025 printemps<\/a><\/td><td class=\"has-text-align-center\" data-align=\"center\"><a href=\"https:\/\/aldl.org\/wp-content\/uploads\/news2024spring.pdf\" data-type=\"attachment\" data-id=\"424\" target=\"_blank\" rel=\"noreferrer noopener\">2024 printemps<\/a><\/td><td class=\"has-text-align-center\" data-align=\"center\"><a href=\"https:\/\/aldl.org\/wp-content\/uploads\/news2023autumn.pdf\" data-type=\"attachment\" data-id=\"424\" target=\"_blank\" rel=\"noreferrer noopener\">2023 automne<\/a><\/td><\/tr><tr><td class=\"has-text-align-center\" data-align=\"center\"><a href=\"https:\/\/aldl.org\/wp-content\/uploads\/news2022spring.pdf\" data-type=\"attachment\" data-id=\"424\" target=\"_blank\" rel=\"noreferrer noopener\">2022 printemps<\/a><\/td><td class=\"has-text-align-center\" data-align=\"center\"><a href=\"https:\/\/aldl.org\/wp-content\/uploads\/news2022spring.pdf\" data-type=\"attachment\" data-id=\"424\" target=\"_blank\" rel=\"noreferrer noopener\">2022 hiver<\/a><\/td><td class=\"has-text-align-center\" data-align=\"center\"><a rel=\"noreferrer noopener\" href=\"https:\/\/aldl.org\/wp-content\/uploads\/news2021spring.pdf\" target=\"_blank\">2021 printemps<\/a><\/td><\/tr><tr><td class=\"has-text-align-center\" data-align=\"center\"><a rel=\"noreferrer noopener\" href=\"https:\/\/aldl.org\/wp-content\/uploads\/news2021summer.pdf\" target=\"_blank\">2021 \u00e9t\u00e9<\/a><\/td><td class=\"has-text-align-center\" data-align=\"center\"><a rel=\"noreferrer noopener\" href=\"https:\/\/aldl.org\/wp-content\/uploads\/news2019spring.pdf\" target=\"_blank\">2019 printemps<\/a><\/td><td class=\"has-text-align-center\" data-align=\"center\"><a rel=\"noreferrer noopener\" href=\"https:\/\/aldl.org\/wp-content\/uploads\/news2019winter.pdf\" data-type=\"attachment\" data-id=\"426\" target=\"_blank\">2019 hiver<\/a><\/td><\/tr><\/tbody><\/table><\/figure>\n\n\n\n<p>Les tests d\u2019eau (pour la baignade)<\/p>\n\n\n\n<p><\/p>\n\n\n\n<figure class=\"wp-block-table\"><table><tbody><tr><td class=\"has-text-align-center\" data-align=\"center\"><a href=\"https:\/\/aldl.org\/wp-content\/uploads\/waterTest2025June.pdf\" data-type=\"attachment\" data-id=\"596\" target=\"_blank\" rel=\"noreferrer noopener\">2025 June<\/a><\/td><td class=\"has-text-align-center\" data-align=\"center\"><a href=\"https:\/\/aldl.org\/wp-content\/uploads\/waterTest2025July.pdf\" data-type=\"attachment\" data-id=\"431\" target=\"_blank\" rel=\"noreferrer noopener\">2025 juillet<\/a><\/td><td class=\"has-text-align-center\" data-align=\"center\"><\/td><\/tr><tr><td class=\"has-text-align-center\" data-align=\"center\"><a href=\"https:\/\/aldl.org\/wp-content\/uploads\/TestsDeauJuin-June2023WaterTests.pdf\" data-type=\"attachment\" data-id=\"596\" target=\"_blank\" rel=\"noreferrer noopener\">2023 Juin<\/a><\/td><td class=\"has-text-align-center\" data-align=\"center\"><a href=\"https:\/\/aldl.org\/wp-content\/uploads\/waterTest2023July.pdf\" data-type=\"attachment\" data-id=\"431\" target=\"_blank\" rel=\"noreferrer noopener\">2023 Juillet<\/a><\/td><td class=\"has-text-align-center\" data-align=\"center\"><a href=\"https:\/\/aldl.org\/wp-content\/uploads\/waterTest2023August.pdf\" data-type=\"attachment\" data-id=\"433\" target=\"_blank\" rel=\"noreferrer noopener\">2023 Ao\u00fbt<\/a><\/td><\/tr><tr><td class=\"has-text-align-center\" data-align=\"center\"><a href=\"https:\/\/aldl.org\/wp-content\/uploads\/waterTest2022June.pdf\" data-type=\"attachment\" data-id=\"432\" target=\"_blank\" rel=\"noreferrer noopener\">2022 Juin<\/a><\/td><td class=\"has-text-align-center\" data-align=\"center\"><a href=\"https:\/\/aldl.org\/wp-content\/uploads\/waterTest2022July.pdf\" data-type=\"attachment\" data-id=\"431\" target=\"_blank\" rel=\"noreferrer noopener\">2022 Juillet<\/a><\/td><td class=\"has-text-align-center\" data-align=\"center\"><a href=\"https:\/\/aldl.org\/wp-content\/uploads\/waterTest2022August.pdf\" data-type=\"attachment\" data-id=\"433\" target=\"_blank\" rel=\"noreferrer noopener\">2022 Ao\u00fbt<\/a><\/td><\/tr><tr><td class=\"has-text-align-center\" data-align=\"center\"><a href=\"https:\/\/aldl.org\/wp-content\/uploads\/waterTest2021June.pdf\" data-type=\"attachment\" data-id=\"435\" target=\"_blank\" rel=\"noreferrer noopener\">2021 Juin<\/a><\/td><td class=\"has-text-align-center\" data-align=\"center\"><a href=\"https:\/\/aldl.org\/wp-content\/uploads\/waterTest2021July.pdf\" data-type=\"attachment\" data-id=\"438\" target=\"_blank\" rel=\"noreferrer noopener\">2021 Juillet<\/a><\/td><td class=\"has-text-align-center\" data-align=\"center\"><a href=\"https:\/\/aldl.org\/wp-content\/uploads\/waterTest2021August.pdf\" data-type=\"attachment\" data-id=\"437\" target=\"_blank\" rel=\"noreferrer noopener\">2021 Ao\u00fbt<\/a><\/td><\/tr><tr><td class=\"has-text-align-center\" data-align=\"center\"><a href=\"https:\/\/aldl.org\/wp-content\/uploads\/WaterTest2020June.pdf\" data-type=\"attachment\" data-id=\"455\" target=\"_blank\" rel=\"noreferrer noopener\">2020 Juin<\/a><\/td><td class=\"has-text-align-center\" data-align=\"center\"><a href=\"https:\/\/aldl.org\/wp-content\/uploads\/WaterTest2020July.pdf\" data-type=\"attachment\" target=\"_blank\" rel=\"noreferrer noopener\">2020 Juillet<\/a><\/td><td class=\"has-text-align-center\" data-align=\"center\"><a href=\"https:\/\/aldl.org\/wp-content\/uploads\/WaterTest2020August.pdf\" data-type=\"attachment\" data-id=\"457\" target=\"_blank\" rel=\"noreferrer noopener\">2020 Ao\u00fbt<\/a><\/td><\/tr><tr><td class=\"has-text-align-center\" data-align=\"center\"><a href=\"https:\/\/aldl.org\/wp-content\/uploads\/WaterTest2019June.pdf\" data-type=\"attachment\" data-id=\"464\" target=\"_blank\" rel=\"noreferrer noopener\">2019 Juin<\/a><\/td><td class=\"has-text-align-center\" data-align=\"center\"><a href=\"https:\/\/aldl.org\/wp-content\/uploads\/WaterTest2019July.pdf\" data-type=\"attachment\" data-id=\"463\" target=\"_blank\" rel=\"noreferrer noopener\">2019 Juillet<\/a><\/td><td class=\"has-text-align-center\" data-align=\"center\"><a href=\"https:\/\/aldl.org\/wp-content\/uploads\/WaterTest2019August.pdf\" data-type=\"attachment\" data-id=\"465\" target=\"_blank\" rel=\"noreferrer noopener\">2019 Ao\u00fbt<\/a><\/td><\/tr><tr><td class=\"has-text-align-center\" data-align=\"center\"><a href=\"https:\/\/aldl.org\/wp-content\/uploads\/WaterTest2018June.pdf\" data-type=\"attachment\" data-id=\"448\" target=\"_blank\" rel=\"noreferrer noopener\">2018 Juin<\/a><\/td><td class=\"has-text-align-center\" data-align=\"center\"><a href=\"https:\/\/aldl.org\/wp-content\/uploads\/WaterTest2018July.pdf\" data-type=\"attachment\" data-id=\"447\" target=\"_blank\" rel=\"noreferrer noopener\">2018 Juillet<\/a><\/td><td class=\"has-text-align-center\" data-align=\"center\"><a href=\"https:\/\/aldl.org\/wp-content\/uploads\/WaterTest2018August.pdf\" data-type=\"attachment\" data-id=\"449\" target=\"_blank\" rel=\"noreferrer noopener\">2018 Ao\u00fbt<\/a><\/td><\/tr><tr><td class=\"has-text-align-center\" data-align=\"center\"><a href=\"https:\/\/aldl.org\/wp-content\/uploads\/WaterTest2017June.pdf\" data-type=\"attachment\" data-id=\"444\" target=\"_blank\" rel=\"noreferrer noopener\">2017 Juin<\/a><\/td><td class=\"has-text-align-center\" data-align=\"center\"><a href=\"https:\/\/aldl.org\/wp-content\/uploads\/WaterTest2017July.pdf\" data-type=\"attachment\" data-id=\"443\" target=\"_blank\" rel=\"noreferrer noopener\">2017 Juillet<\/a><\/td><td class=\"has-text-align-center\" data-align=\"center\"><a href=\"https:\/\/aldl.org\/wp-content\/uploads\/WaterTest2017August.pdf\" data-type=\"attachment\" data-id=\"445\" target=\"_blank\" rel=\"noreferrer noopener\">2017 Ao\u00fbt<\/a><\/td><\/tr><tr><td class=\"has-text-align-center\" data-align=\"center\"><a href=\"https:\/\/aldl.org\/wp-content\/uploads\/WaterTest2016June.pdf\" data-type=\"attachment\" data-id=\"452\" target=\"_blank\" rel=\"noreferrer noopener\">2016 Juin<\/a><\/td><td class=\"has-text-align-center\" data-align=\"center\"><a href=\"https:\/\/aldl.org\/wp-content\/uploads\/WaterTest2016July.pdf\" data-type=\"attachment\" data-id=\"451\" target=\"_blank\" rel=\"noreferrer noopener\">2016 Juillet<\/a><\/td><td class=\"has-text-align-center\" data-align=\"center\"><a href=\"https:\/\/aldl.org\/wp-content\/uploads\/WaterTest2016August.pdf\" data-type=\"attachment\" data-id=\"453\" target=\"_blank\" rel=\"noreferrer noopener\">2016 Ao\u00fbt<\/a><\/td><\/tr><\/tbody><\/table><\/figure>\n\n\n\n<p>Autres documents<\/p>\n\n\n\n<p><a rel=\"noopener\" href=\"https:\/\/aldl.org\/wp-content\/uploads\/SwimmerItch.pdf\" target=\"_blank\">La Dermatite du baigneur<\/a> <br><a rel=\"noopener\" href=\"https:\/\/aldl.org\/wp-content\/uploads\/healthOfLake2023.pdf\" target=\"_blank\">Suivi de la sant\u00e9 du lac 2023<\/a><br> \n\n<a rel=\"noopener\" href=\"https:\/\/aldl.org\/wp-content\/uploads\/Rapport-sommaire-des-analyses-deau-Lac-des-loups.pdf\" target=\"_blank\">Lac des Loups &#8211; Summary of water analysis done by the Municipality of La P\u00eache (available in french only)<\/a><br><a rel=\"noopener\" href=\"https:\/\/aldl.org\/wp-content\/uploads\/Fosse-Septique-La-Peche.pdf\" target=\"_blank\">Lac des Loups &#8211; Septic Systems inspections (available in french only)<\/a><br><a rel=\"noopener\" href=\"https:\/\/aldl.org\/otherDocuments\/RSVL Lac des Loups 11 juin 2013.pdf\" target=\"_blank\">R\u00e9seau de surveillance volontaires des lacs (RSVL), Suivi de Lac des Loups (2013)<\/a><br><a rel=\"noreferrer noopener\" href=\"https:\/\/aldl.org\/wp-content\/uploads\/CleanProd_ProdNett.pdf\" data-type=\"URL\" data-id=\"https:\/\/aldl.org\/wp-content\/uploads\/CleanProd_ProdNett.pdf\" target=\"_blank\">Environmentally Safe Household cleaning products  (household recipes)<\/a><br><a rel=\"noreferrer noopener\" href=\"https:\/\/aldl.org\/wp-content\/uploads\/ALDLwelcome2022.pdf\" data-type=\"attachment\" data-id=\"409\" target=\"_blank\">Information<\/a> <\/p>","protected":false},"excerpt":{"rendered":"<p>AGM Minutes 2023 2022-23 2022 2018 2019 2021 Newsletter 2025 autumn 2025 spring 2024 spring 2023 autumn 2022 spring 2022 winter 2021 spring 2021 summer 2019 spring 2019 winter Water Tests 2025 June 2025 July 2023 June 2023 July 2023 August 2022 June 2022 July 2022 August 2021 June 2021 July 2021 August 2020 June [&hellip;]<\/p>\n","protected":false},"author":1,"featured_media":0,"parent":0,"menu_order":0,"comment_status":"closed","ping_status":"closed","template":"","meta":{"footnotes":""},"class_list":["post-78","page","type-page","status-publish","hentry"],"_links":{"self":[{"href":"https:\/\/aldl.org\/fr\/wp-json\/wp\/v2\/pages\/78","targetHints":{"allow":["GET"]}}],"collection":[{"href":"https:\/\/aldl.org\/fr\/wp-json\/wp\/v2\/pages"}],"about":[{"href":"https:\/\/aldl.org\/fr\/wp-json\/wp\/v2\/types\/page"}],"author":[{"embeddable":true,"href":"https:\/\/aldl.org\/fr\/wp-json\/wp\/v2\/users\/1"}],"replies":[{"embeddable":true,"href":"https:\/\/aldl.org\/fr\/wp-json\/wp\/v2\/comments?post=78"}],"version-history":[{"count":65,"href":"https:\/\/aldl.org\/fr\/wp-json\/wp\/v2\/pages\/78\/revisions"}],"predecessor-version":[{"id":630,"href":"https:\/\/aldl.org\/fr\/wp-json\/wp\/v2\/pages\/78\/revisions\/630"}],"wp:attachment":[{"href":"https:\/\/aldl.org\/fr\/wp-json\/wp\/v2\/media?parent=78"}],"curies":[{"name":"wp","href":"https:\/\/api.w.org\/{rel}","templated":true}]}}