{"id":75,"date":"2022-06-03T02:34:35","date_gmt":"2022-06-03T02:34:35","guid":{"rendered":"https:\/\/www.aldl.org\/?page_id=75"},"modified":"2023-07-15T16:31:14","modified_gmt":"2023-07-15T16:31:14","slug":"home","status":"publish","type":"page","link":"https:\/\/aldl.org\/fr\/","title":{"rendered":"Accueil"},"content":{"rendered":"<div class=\"wp-block-group is-layout-flow wp-block-group-is-layout-flow\">\n<p>ACTUALIT\u00c9S 2023: \u00a0 \u00a0    <a rel=\"noreferrer noopener\" href=\"https:\/\/aldl.org\/wp-content\/uploads\/healthOfLake2023.pdf\" data-type=\"attachment\" data-id=\"560\" target=\"_blank\">Suivi de la sant\u00e9 du lac<\/a>   \u00a0 \u00a0 \u00a0 \u00a0  <a href=\"https:\/\/aldl.org\/wp-content\/uploads\/SwimmersItch.pdf\" data-type=\"attachment\" data-id=\"593\" target=\"_blank\" rel=\"noreferrer noopener\">La Dermatite du baigneur<\/a><\/p>\n\n\n\n<p>Le lac des Loups est situ\u00e9 \u00e0 la fronti\u00e8re nord-ouest du parc de la Gatineau et chevauche les municipalit\u00e9s de La P\u00eache et du Pontiac.<\/p>\n\n\n\n<p class=\"translation-block\">L\u2019association Lac des Loups (ALDL) est un L\u2019association Lac des Loups (ALDL) est un organisme sans but lucratif qui a sa propre <a href=\"http:\/\/www.aldl.org\/wp-content\/uploads\/CharteReglements.pdf\" data-type=\"attachment\" data-id=\"330\" target=\"_blank\" rel=\"noreferrer noopener\"> charte<\/a>.  Elle a pour mandat d\u2019am\u00e9liorer la qualit\u00e9 de l\u2019eau du lac. L'une des principales activit\u00e9s de l\u2019Association est de tester l\u2019eau du lac afin de s\u2019assurer qu\u2019elle est s\u00e9curitaire pour la baignade.<\/p>\n\n\n\n<p class=\"translation-block\">Si vous voyez des algues bleu-vert, veuillez communiquer imm\u00e9diatement avec le minist\u00e8re de l\u2019Environnement et de la Lutte contre les changements climatiques (MELCC) au 819-772-3434 et parler \u00e0 la personne responsable des cyanobact\u00e9ries. Vous pouvez \u00e9galement envoyer l'information par t\u00e9l\u00e9copieur au 819-772-3952 ou par courriel \u00e0 <a rel=\"noreferrer noopener\" href=\"mailto:outaouais@mddelcc.gouv.qc.ca\" data-type=\"mailto\" data-id=\"mailto:outaouais@mddelcc.gouv.qc.ca\" target=\"_blank\">outaouais@mddelcc.gouv.qc.ca<\/a>. Veuillez informer l\u2019ALDL de vos d\u00e9marches par courriel au <a href=\"mailto:info@aldl.org\" target=\"_self\">info@aldl.org<\/a> en vous assurant d\u2019ajouter vos photos num\u00e9riques en pi\u00e8ces jointes, le cas \u00e9ch\u00e9ant.<\/p>\n\n\n\n<p class=\"translation-block\">Pour plus d\u2019informations sur l\u2019Association, veuillez voir son <a href=\"http:\/\/www.aldl.org\/wp-content\/uploads\/flyer2021ALDLn.pdf\" data-type=\"attachment\" data-id=\"402\" target=\"_blank\" rel=\"noreferrer noopener\">d\u00e9pliant<\/a> (bilingue).  Pour en devenir membre ou pour renouveler votre adh\u00e9sion, remplissez notre <a rel=\"noreferrer noopener\" href=\"http:\/\/www.aldl.org\/wp-content\/uploads\/aldlMembershipForm2022n.pdf\" data-type=\"URL\" data-id=\"http:\/\/www.aldl.org\/wp-content\/uploads\/aldlMembershipForm2022n.pdf\" target=\"_blank\">formulaire<\/a>. Vous pouvez \u00e9galement communiquer avec nous \u00e0 <a rel=\"noreferrer noopener\" href=\"mailto:info@aldl.org\" target=\"_blank\">info@aldl.org<\/a>.<\/p>\n\n\n\n<p class=\"translation-block\">Voir le <a href=\"https:\/\/www.aldl.org\/fr\/algae\/\" target=\"_blank\" rel=\"noreferrer noopener\">lien Myriophylle\/Algues<\/a> bleu-vert pour obtenir des informations sur le myriophylle en \u00e9pi qui envahit le lac.<\/p>\n<\/div>","protected":false},"excerpt":{"rendered":"<p>2023 NEWS: \u00a0 \u00a0 Update on the health of the lake \u00a0 \u00a0 \u00a0 \u00a0 Swimmer&#8217;s itch Located northwest of the Gatineau Park, Lac-des-Loups straddles the municipalities of La P\u00eache and Pontiac The Association Lac des Loups (ALDL) is a non profit organization with its own charter.&nbsp;Our mandate is to improve the water quality of [&hellip;]<\/p>\n","protected":false},"author":1,"featured_media":0,"parent":0,"menu_order":0,"comment_status":"closed","ping_status":"closed","template":"","meta":{"footnotes":""},"class_list":["post-75","page","type-page","status-publish","hentry"],"_links":{"self":[{"href":"https:\/\/aldl.org\/fr\/wp-json\/wp\/v2\/pages\/75","targetHints":{"allow":["GET"]}}],"collection":[{"href":"https:\/\/aldl.org\/fr\/wp-json\/wp\/v2\/pages"}],"about":[{"href":"https:\/\/aldl.org\/fr\/wp-json\/wp\/v2\/types\/page"}],"author":[{"embeddable":true,"href":"https:\/\/aldl.org\/fr\/wp-json\/wp\/v2\/users\/1"}],"replies":[{"embeddable":true,"href":"https:\/\/aldl.org\/fr\/wp-json\/wp\/v2\/comments?post=75"}],"version-history":[{"count":30,"href":"https:\/\/aldl.org\/fr\/wp-json\/wp\/v2\/pages\/75\/revisions"}],"predecessor-version":[{"id":595,"href":"https:\/\/aldl.org\/fr\/wp-json\/wp\/v2\/pages\/75\/revisions\/595"}],"wp:attachment":[{"href":"https:\/\/aldl.org\/fr\/wp-json\/wp\/v2\/media?parent=75"}],"curies":[{"name":"wp","href":"https:\/\/api.w.org\/{rel}","templated":true}]}}