{"id":59,"date":"2022-06-02T14:11:43","date_gmt":"2022-06-02T14:11:43","guid":{"rendered":"https:\/\/www.aldl.org\/?page_id=59"},"modified":"2022-10-19T02:21:18","modified_gmt":"2022-10-19T02:21:18","slug":"algae","status":"publish","type":"page","link":"https:\/\/aldl.org\/fr\/algae\/","title":{"rendered":"Myriophylle"},"content":{"rendered":"<p><strong>Myriophylle \u00e0 \u00e9pis<\/strong><\/p>\n\n\n\n<p>Depuis plusieurs ann\u00e9es, le lac des Loups est contamin\u00e9 par une plante aquatique exotique appel\u00e9e myriophylle \u00e0 \u00e9pi. Certains riverains ont remarqu\u00e9 cette plante il y a de nombreuses ann\u00e9es.<\/p>\n\n\n\n<p class=\"translation-block\">Voici une image de ce \u00e0 quoi ressemble <a rel=\"noreferrer noopener\" href=\"http:\/\/www.aldl.org\/wp-content\/uploads\/EurasianWatermilfoil.jpg\" target=\"_blank\">le myriophylle \u00e0 \u00e9pi.<\/a><\/p>\n\n\n\n<p>La pr\u00e9sence de cette plante nuit non seulement aux activit\u00e9s nautiques et touristiques, mais aussi \u00e0 la sant\u00e9 du lac. La baignade, la p\u00eache et la navigation de plaisance pourraient \u00eatre affect\u00e9s, car la densit\u00e9 des herbiers de myriophylles pourrait d\u00e9truire les fray\u00e8res et pourrait influencer la teneur en oxyg\u00e8ne de l'eau. <\/p>\n\n\n\n<p>Pour cette raison, l'Association Lac-des-Loups (ALDL) a demand\u00e9 une \u00e9tude plus approfondie de la situation du myriophylle au Minist\u00e8re de l'Environnement et de la Lutte contre les changements climatiques (MELCC) du Qu\u00e9bec. Deux (2) \u00e9tudes importantes ont \u00e9t\u00e9 r\u00e9alis\u00e9es :<\/p>\n\n\n\n<ul class=\"wp-block-list\"><li> <a rel=\"noreferrer noopener\" href=\"https:\/\/aldl.org\/wp-content\/uploads\/RapportCompletMyriophylleAuLDL-FIN.pdf\" target=\"_blank\">ABV7 D\u00e9limitation des herbiers de myriophylle en \u00e9pi, lac des Loups, MRC des Collines de l\u2019Outaouais <\/a> (2016, documenting the presence of <strong>Eurasian milfoil<\/strong> in the lake.)<\/li><\/ul>\n\n\n\n<ul class=\"wp-block-list\"><li class=\"translation-block\"><a href=\"http:\/\/aldl.org\/fr\/otherDocuments\/RSVLLacdesLoups11juin2013.pdf\/\" target=\"_blank\" rel=\"noreferrer noopener\">Le R\u00e9seau de surveillance volontaire des lacs: suivi du lac des Loups<\/a> (2013). Cette \u00e9tude documente la composition chimique de l\u2019eau du lac et porte un regard sur la sant\u00e9 g\u00e9n\u00e9rale du lac.<\/li><\/ul>\n\n\n\n<p><strong>Comit\u00e9 Myriophylle<\/strong><\/p>\n\n\n\n<p class=\"translation-block\">En 2017, l'ALDL a cr\u00e9\u00e9 un comit\u00e9 myriophylle pour suivre l'\u00e9volution de la plante dans le lac. Jusqu'\u00e0 la crise de la COVID, le comit\u00e9 publiait des rapports annuels et produisait diff\u00e9rents outils d\u2019\u00e9ducation populaire sur le sujet pour les membres de l'Association.<\/p>\n\n\n\n<p><a href=\"https:\/\/aldl.org\/wp-content\/uploads\/rapportDeSuiviDesMyriophylles2019.pdf\" data-type=\"URL\" target=\"_blank\" rel=\"noreferrer noopener\">Rapport sur le myriophylle 2019<\/a><\/p>\n\n\n\n<p><a rel=\"noreferrer noopener\" href=\"https:\/\/aldl.org\/wp-content\/uploads\/EnglishResumeALDLmilfoilCommittee2018report.pdf\" data-type=\"attachment\" data-id=\"347\" target=\"_blank\">Rapport sur le myriophylle 2018<\/a><\/p>\n\n\n\n<p><a href=\"https:\/\/aldl.org\/wp-content\/uploads\/RapportDeSuiviDesMyriophyllesLDL2017_f.pdf\" data-type=\"URL\" data-id=\"https:\/\/aldl.org\/wp-content\/uploads\/RapportDeSuiviDesMyriophyllesLDL2017_f.pdf\" target=\"_blank\" rel=\"noreferrer noopener\">Rapport sur le myriophylle 2017<\/a><\/p>\n\n\n\n<p><a href=\"https:\/\/aldl.org\/wp-content\/uploads\/ProtocoleDeSuiviDuMyriophylleAEpisAuLDLmars2018.pdf\">Protocole d\u2019intervention<\/a> (2018, en fran\u00e7ais seulement)<\/p>\n\n\n\n<p><a href=\"https:\/\/aldl.org\/wp-content\/uploads\/BrochureMyriophylle2021.pdf\" target=\"_blank\" rel=\"noreferrer noopener\">D\u00e9pliant sur le myriophylle (2021)<\/a><\/p>\n\n\n\n<p class=\"translation-block\">Pr\u00e9sentation PowerPoint (AGA 2019)  \u2013 <a href=\"http:\/\/www.aldl.org\/wp-content\/uploads\/MyriophyleEnEpi2019.pdf\" data-type=\"attachment\" data-id=\"494\" target=\"_blank\" rel=\"noreferrer noopener\">\u00c9volution du myriophylle dans le lac des Loups entre 2016 and 2018<\/a><\/p>\n\n\n\n<hr class=\"wp-block-separator has-alpha-channel-opacity\"\/>\n\n\n\n<div class=\"wp-block-group is-layout-flow wp-block-group-is-layout-flow\">\n<p><strong>Algue bleu-vert - Qu'est-ce que c'est ?<\/strong><\/p>\n\n\n\n<p>Les cyanobact\u00e9ries, plus commun\u00e9ment appel\u00e9es algues bleu-vert, sont un ancien groupe d'algues. Bien qu'ils soient plus \u00e9troitement li\u00e9s aux bact\u00e9ries, comme les plantes, ils sont capables de photosynth\u00e8se. Leur pigmentation leur donne leur couleur caract\u00e9ristique. Ils se reproduisent rapidement dans les lacs et les \u00e9tangs o\u00f9 il y a des eaux peu profondes, des quantit\u00e9s ad\u00e9quates de lumi\u00e8re solaire, des temp\u00e9ratures air\/eau chaudes, des vents calmes et des quantit\u00e9s suffisantes de nutriments tels que le phosphore et l'azote.<br><\/p>\n\n\n\n<p>Une fleur contenant des algues bleu-vert peut ressembler \u00e0 une soupe aux pois \u00e9paisse, \u00e0 de la peinture verte ou \u00e0 du fromage cottage vert. Il peut appara\u00eetre bleut\u00e9, voire brun\u00e2tre ou vert rouge\u00e2tre. Il forme un tapis \u00e9pais ou une mousse lorsqu'il s'\u00e9choue sur le rivage. Voici quelques photos prises au Lac des Loups au cours des derni\u00e8res ann\u00e9es.<\/p>\n\n\n\n<p><a rel=\"noreferrer noopener\" href=\"https:\/\/aldl.org\/wp-content\/uploads\/algae1.jpg\" target=\"_blank\">Algae 1<\/a>&nbsp;&nbsp; &nbsp;&nbsp; &nbsp;&nbsp;&nbsp;<a href=\"https:\/\/web.archive.org\/web\/20161222024508\/https:\/\/aldl.org\/images\/scan0001a.jpg\">Al<\/a><a rel=\"noreferrer noopener\" href=\"https:\/\/aldl.org\/wp-content\/uploads\/algae2.jpg\" target=\"_blank\">ga<\/a><a href=\"https:\/\/web.archive.org\/web\/20161222024508\/https:\/\/aldl.org\/images\/scan0001a.jpg\" target=\"_blank\" rel=\"noreferrer noopener\">e 2<\/a>&nbsp;&nbsp; &nbsp;&nbsp; &nbsp;&nbsp;&nbsp;<a href=\"https:\/\/aldl.org\/wp-content\/uploads\/algae3.jpg\" target=\"_blank\" rel=\"noreferrer noopener\">Algae 3<\/a>&nbsp;&nbsp; &nbsp;&nbsp; &nbsp;&nbsp;&nbsp;<a rel=\"noreferrer noopener\" href=\"https:\/\/aldl.org\/wp-content\/uploads\/algae4.jpg\" data-type=\"URL\" data-id=\"https:\/\/aldl.org\/wp-content\/uploads\/algae4.jpg\" target=\"_blank\">Algae 4<\/a><\/p>\n\n\n\n<p>Une floraison peut litt\u00e9ralement appara\u00eetre du jour au lendemain et elle durera jusqu'\u00e0 ce que le vent et les vagues dispersent les cellules d'algues dans l'eau.<\/p>\n\n\n\n<p>Que faire?<\/p>\n\n\n\n<ul class=\"wp-block-list\"><li>Faites tester votre syst\u00e8me septique ou votre r\u00e9servoir de r\u00e9tention ;<\/li><li>Utilisez des produits bio-responsables ;<\/li><li>\u00c9liminer l'utilisation des phosphates ;<\/li><li>Lavez votre embarcation avant de la r\u00e9introduire dans le lac d'ailleurs.<\/li><li class=\"translation-block\">Consultez le site Internet du gouvernement du Qu\u00e9bec concernant les <a rel=\"noreferrer noopener\" href=\"http:\/\/www.mddelcc.gouv.qc.ca\/eau\/flrivlac\/algues.htm\" target=\"_blank\">algues bleu-vert<\/a>.<\/li><\/ul>\n<\/div>","protected":false},"excerpt":{"rendered":"<p>Eurasian watermilfoil For a number of years, Lac des Loups was affected by the presence of an exotic aquatic plant called Eurasian watermilfoil. Some riparians have noticed this plant many years ago. Here is a picture of what eurasian watermilfoil looks like. The presence of this plant has an adverse affect on, not only nautical [&hellip;]<\/p>\n","protected":false},"author":1,"featured_media":0,"parent":0,"menu_order":0,"comment_status":"closed","ping_status":"closed","template":"","meta":{"footnotes":""},"class_list":["post-59","page","type-page","status-publish","hentry"],"_links":{"self":[{"href":"https:\/\/aldl.org\/fr\/wp-json\/wp\/v2\/pages\/59","targetHints":{"allow":["GET"]}}],"collection":[{"href":"https:\/\/aldl.org\/fr\/wp-json\/wp\/v2\/pages"}],"about":[{"href":"https:\/\/aldl.org\/fr\/wp-json\/wp\/v2\/types\/page"}],"author":[{"embeddable":true,"href":"https:\/\/aldl.org\/fr\/wp-json\/wp\/v2\/users\/1"}],"replies":[{"embeddable":true,"href":"https:\/\/aldl.org\/fr\/wp-json\/wp\/v2\/comments?post=59"}],"version-history":[{"count":42,"href":"https:\/\/aldl.org\/fr\/wp-json\/wp\/v2\/pages\/59\/revisions"}],"predecessor-version":[{"id":533,"href":"https:\/\/aldl.org\/fr\/wp-json\/wp\/v2\/pages\/59\/revisions\/533"}],"wp:attachment":[{"href":"https:\/\/aldl.org\/fr\/wp-json\/wp\/v2\/media?parent=59"}],"curies":[{"name":"wp","href":"https:\/\/api.w.org\/{rel}","templated":true}]}}