{"id":82,"date":"2022-06-04T15:17:35","date_gmt":"2022-06-04T15:17:35","guid":{"rendered":"https:\/\/www.aldl.org\/?page_id=82"},"modified":"2022-10-20T01:27:36","modified_gmt":"2022-10-20T01:27:36","slug":"revegetation","status":"publish","type":"page","link":"https:\/\/aldl.org\/en\/revegetation\/","title":{"rendered":"Revegetation"},"content":{"rendered":"\n<p><strong>Shoreline Revegetation<\/strong><\/p>\n\n\n\n<p>In 2010, we have asked the &#8220;Soci\u00e9t\u00e9 Sylvicole de la Haute Gatineau&#8221; to help us in stabilizing and revegetating a portion of the Chemin Gauvin shoreline.&nbsp; The targeted area includes the shoreline in front of the properties situated from 58 to 90 chemin Gauvin.&nbsp; This portion was subject to erosion and was lacking some natural vegetation.&nbsp; Since that part of the shoreline is very narrow in some places, it was important to reforest the shoreline with shrubs to reduce the erosion.&nbsp; An elaborate revegetation plan was developed following the onsite visit, the evaluation of the problems and the description of the corrective actions.&nbsp; Thanks to the funding of the Municipality of La P\u00eache, we went ahead with the shoreline revegetation project in September 2010 under the supervision of the &#8220;Soci\u00e9t\u00e9 Sylvicole de la Haute Gatineau&#8221;.<\/p>\n\n\n\n<p>Several volunteers contributed to the success of this project.&nbsp; You can view some pictures taken during that day.<\/p>\n\n\n\n<p><a href=\"https:\/\/aldl.org\/wp-content\/uploads\/Berges_Groupe_A.jpg\" target=\"_blank\" rel=\"noreferrer noopener\">Picture 1<\/a>&nbsp; &nbsp;&nbsp; &nbsp;&nbsp;&nbsp;&nbsp;<a href=\"https:\/\/aldl.org\/wp-content\/uploads\/Berges_Groupe_Scouts.jpg\" target=\"_blank\" rel=\"noreferrer noopener\">Picture 2<\/a><\/p>\n\n\n\n<p><strong>Future projects<\/strong><\/p>\n\n\n\n<p>If there is sufficient interest, we could work with the Soci\u00e9t\u00e9 sylvicole de la Haute Gatineau and the Municipality of La P\u00eache on a project to revegetate other shoreline properties.<\/p>\n\n\n\n<p>At the June 2010 AGM, Mr. Bussi\u00e8re mentioned that the municipality cannot subsidize individuals to revegetate their shoreline.\u00a0 However, he mentioned that the ALDL could request funding on their behalf.\u00a0 The amounts received would be shared amongst the interested persons.\u00a0\u00a0If you are interested in revegetating your shoreline, please advise us via email at\u00a0<a href=\"mailto:info@aldl.org\" target=\"_blank\" rel=\"noreferrer noopener\">info@aldl.org<\/a>.\u00a0 We will then contact the municipality of La P\u00eache in order to request funding for such a project.<\/p>\n\n\n\n<p><strong>Project documentation for shoreline revegation<\/strong><\/p>\n\n\n\n<p><a rel=\"noreferrer noopener\" href=\"https:\/\/aldl.org\/otherDocuments\/planAmenagementLacdesLoups.pdf\" target=\"_blank\">Revegetation plan<\/a>&nbsp;(available only in french)<br><a href=\"https:\/\/aldl.org\/otherDocuments\/catalogue2012-fra.pdf\" target=\"_blank\" rel=\"noreferrer noopener\">List of plants<\/a>&nbsp;(only plant names are in english)<\/p>\n","protected":false},"excerpt":{"rendered":"<p>Shoreline Revegetation In 2010, we have asked the &#8220;Soci\u00e9t\u00e9 Sylvicole de la Haute Gatineau&#8221; to help us in stabilizing and revegetating a portion of the Chemin Gauvin shoreline.&nbsp; The targeted area includes the shoreline in front of the properties situated from 58 to 90 chemin Gauvin.&nbsp; This portion was subject to erosion and was lacking [&hellip;]<\/p>\n","protected":false},"author":1,"featured_media":0,"parent":0,"menu_order":0,"comment_status":"closed","ping_status":"closed","template":"","meta":{"footnotes":""},"class_list":["post-82","page","type-page","status-publish","hentry"],"_links":{"self":[{"href":"https:\/\/aldl.org\/en\/wp-json\/wp\/v2\/pages\/82","targetHints":{"allow":["GET"]}}],"collection":[{"href":"https:\/\/aldl.org\/en\/wp-json\/wp\/v2\/pages"}],"about":[{"href":"https:\/\/aldl.org\/en\/wp-json\/wp\/v2\/types\/page"}],"author":[{"embeddable":true,"href":"https:\/\/aldl.org\/en\/wp-json\/wp\/v2\/users\/1"}],"replies":[{"embeddable":true,"href":"https:\/\/aldl.org\/en\/wp-json\/wp\/v2\/comments?post=82"}],"version-history":[{"count":12,"href":"https:\/\/aldl.org\/en\/wp-json\/wp\/v2\/pages\/82\/revisions"}],"predecessor-version":[{"id":540,"href":"https:\/\/aldl.org\/en\/wp-json\/wp\/v2\/pages\/82\/revisions\/540"}],"wp:attachment":[{"href":"https:\/\/aldl.org\/en\/wp-json\/wp\/v2\/media?parent=82"}],"curies":[{"name":"wp","href":"https:\/\/api.w.org\/{rel}","templated":true}]}}